{"id":324,"date":"2016-05-10T03:48:21","date_gmt":"2016-05-10T03:48:21","guid":{"rendered":"https:\/\/www.root-ex.com\/startseite\/"},"modified":"2022-03-08T12:04:37","modified_gmt":"2022-03-08T12:04:37","slug":"startseite","status":"publish","type":"page","link":"https:\/\/www.root-ex.com\/en\/","title":{"rendered":"Startseite"},"content":{"rendered":"","protected":false},"excerpt":{"rendered":"","protected":false},"author":1,"featured_media":0,"parent":0,"menu_order":0,"comment_status":"closed","ping_status":"open","template":"pages\/home.php","meta":[],"acf":[],"yoast_head":"<!-- This site is optimized with the Yoast SEO plugin v19.7.2 - https:\/\/yoast.com\/wordpress\/plugins\/seo\/ -->\n<title>rootEX Wurzelrest-Entferner - Offizielle Website<\/title>\n<meta name=\"description\" content=\"Mit dem rootEX Wurzelrest-Entferner ist es erstmals m\u00f6glich, Zahnfragmente ohne zus\u00e4tzlichen operativen Eingriff schnell und kosteng\u00fcnstig zu entfernen.\" \/>\n<meta name=\"robots\" content=\"index, follow, max-snippet:-1, max-image-preview:large, max-video-preview:-1\" \/>\n<link rel=\"canonical\" href=\"https:\/\/www.root-ex.com\/en\/\" \/>\n<meta property=\"og:locale\" content=\"en_US\" \/>\n<meta property=\"og:type\" content=\"article\" \/>\n<meta property=\"og:title\" content=\"rootEX Wurzelrest-Entferner - Offizielle Website\" \/>\n<meta property=\"og:description\" content=\"Mit dem rootEX Wurzelrest-Entferner ist es erstmals m\u00f6glich, Zahnfragmente ohne zus\u00e4tzlichen operativen Eingriff schnell und kosteng\u00fcnstig zu entfernen.\" \/>\n<meta property=\"og:url\" content=\"https:\/\/www.root-ex.com\/en\/\" \/>\n<meta property=\"og:site_name\" content=\"rootEx\" \/>\n<meta property=\"article:modified_time\" content=\"2022-03-08T12:04:37+00:00\" \/>\n<meta name=\"twitter:card\" content=\"summary_large_image\" \/>\n<script type=\"application\/ld+json\" class=\"yoast-schema-graph\">{\"@context\":\"https:\/\/schema.org\",\"@graph\":[{\"@type\":\"WebPage\",\"@id\":\"https:\/\/www.root-ex.com\/en\/\",\"url\":\"https:\/\/www.root-ex.com\/en\/\",\"name\":\"rootEX Wurzelrest-Entferner - Offizielle Website\",\"isPartOf\":{\"@id\":\"https:\/\/www.root-ex.com\/#website\"},\"datePublished\":\"2016-05-10T03:48:21+00:00\",\"dateModified\":\"2022-03-08T12:04:37+00:00\",\"description\":\"Mit dem rootEX Wurzelrest-Entferner ist es erstmals m\u00f6glich, Zahnfragmente ohne zus\u00e4tzlichen operativen Eingriff schnell und kosteng\u00fcnstig zu entfernen.\",\"breadcrumb\":{\"@id\":\"https:\/\/www.root-ex.com\/en\/#breadcrumb\"},\"inLanguage\":\"en-US\",\"potentialAction\":[{\"@type\":\"ReadAction\",\"target\":[\"https:\/\/www.root-ex.com\/en\/\"]}]},{\"@type\":\"BreadcrumbList\",\"@id\":\"https:\/\/www.root-ex.com\/en\/#breadcrumb\",\"itemListElement\":[{\"@type\":\"ListItem\",\"position\":1,\"name\":\"Startseite\",\"item\":\"https:\/\/www.root-ex.com\/en\/\"},{\"@type\":\"ListItem\",\"position\":2,\"name\":\"Startseite\"}]},{\"@type\":\"WebSite\",\"@id\":\"https:\/\/www.root-ex.com\/#website\",\"url\":\"https:\/\/www.root-ex.com\/\",\"name\":\"rootEx\",\"description\":\"rootEX Wurzelrest-Entferner - Offizielle Website\",\"potentialAction\":[{\"@type\":\"SearchAction\",\"target\":{\"@type\":\"EntryPoint\",\"urlTemplate\":\"https:\/\/www.root-ex.com\/?s={search_term_string}\"},\"query-input\":\"required name=search_term_string\"}],\"inLanguage\":\"en-US\"}]}<\/script>\n<!-- \/ Yoast SEO plugin. -->","yoast_head_json":{"title":"rootEX Wurzelrest-Entferner - Offizielle Website","description":"Mit dem rootEX Wurzelrest-Entferner ist es erstmals m\u00f6glich, Zahnfragmente ohne zus\u00e4tzlichen operativen Eingriff schnell und kosteng\u00fcnstig zu entfernen.","robots":{"index":"index","follow":"follow","max-snippet":"max-snippet:-1","max-image-preview":"max-image-preview:large","max-video-preview":"max-video-preview:-1"},"canonical":"https:\/\/www.root-ex.com\/en\/","og_locale":"en_US","og_type":"article","og_title":"rootEX Wurzelrest-Entferner - Offizielle Website","og_description":"Mit dem rootEX Wurzelrest-Entferner ist es erstmals m\u00f6glich, Zahnfragmente ohne zus\u00e4tzlichen operativen Eingriff schnell und kosteng\u00fcnstig zu entfernen.","og_url":"https:\/\/www.root-ex.com\/en\/","og_site_name":"rootEx","article_modified_time":"2022-03-08T12:04:37+00:00","twitter_card":"summary_large_image","schema":{"@context":"https:\/\/schema.org","@graph":[{"@type":"WebPage","@id":"https:\/\/www.root-ex.com\/en\/","url":"https:\/\/www.root-ex.com\/en\/","name":"rootEX Wurzelrest-Entferner - Offizielle Website","isPartOf":{"@id":"https:\/\/www.root-ex.com\/#website"},"datePublished":"2016-05-10T03:48:21+00:00","dateModified":"2022-03-08T12:04:37+00:00","description":"Mit dem rootEX Wurzelrest-Entferner ist es erstmals m\u00f6glich, Zahnfragmente ohne zus\u00e4tzlichen operativen Eingriff schnell und kosteng\u00fcnstig zu entfernen.","breadcrumb":{"@id":"https:\/\/www.root-ex.com\/en\/#breadcrumb"},"inLanguage":"en-US","potentialAction":[{"@type":"ReadAction","target":["https:\/\/www.root-ex.com\/en\/"]}]},{"@type":"BreadcrumbList","@id":"https:\/\/www.root-ex.com\/en\/#breadcrumb","itemListElement":[{"@type":"ListItem","position":1,"name":"Startseite","item":"https:\/\/www.root-ex.com\/en\/"},{"@type":"ListItem","position":2,"name":"Startseite"}]},{"@type":"WebSite","@id":"https:\/\/www.root-ex.com\/#website","url":"https:\/\/www.root-ex.com\/","name":"rootEx","description":"rootEX Wurzelrest-Entferner - Offizielle Website","potentialAction":[{"@type":"SearchAction","target":{"@type":"EntryPoint","urlTemplate":"https:\/\/www.root-ex.com\/?s={search_term_string}"},"query-input":"required name=search_term_string"}],"inLanguage":"en-US"}]}},"_links":{"self":[{"href":"https:\/\/www.root-ex.com\/en\/wp-json\/wp\/v2\/pages\/324"}],"collection":[{"href":"https:\/\/www.root-ex.com\/en\/wp-json\/wp\/v2\/pages"}],"about":[{"href":"https:\/\/www.root-ex.com\/en\/wp-json\/wp\/v2\/types\/page"}],"author":[{"embeddable":true,"href":"https:\/\/www.root-ex.com\/en\/wp-json\/wp\/v2\/users\/1"}],"replies":[{"embeddable":true,"href":"https:\/\/www.root-ex.com\/en\/wp-json\/wp\/v2\/comments?post=324"}],"version-history":[{"count":40,"href":"https:\/\/www.root-ex.com\/en\/wp-json\/wp\/v2\/pages\/324\/revisions"}],"predecessor-version":[{"id":619,"href":"https:\/\/www.root-ex.com\/en\/wp-json\/wp\/v2\/pages\/324\/revisions\/619"}],"wp:attachment":[{"href":"https:\/\/www.root-ex.com\/en\/wp-json\/wp\/v2\/media?parent=324"}],"curies":[{"name":"wp","href":"https:\/\/api.w.org\/{rel}","templated":true}]}}